{"id":2201,"date":"2024-06-06T14:29:21","date_gmt":"2024-06-06T19:29:21","guid":{"rendered":"https:\/\/azzorti.com\/gt\/?page_id=2201"},"modified":"2024-12-27T08:16:43","modified_gmt":"2024-12-27T13:16:43","slug":"trabaja-con-nosotros","status":"publish","type":"page","link":"https:\/\/azzorti.com\/gt\/trabaja-con-nosotros\/","title":{"rendered":"Trabaja con nosotros"},"content":{"rendered":"\t\t<div data-elementor-type=\"wp-page\" data-elementor-id=\"2201\" class=\"elementor elementor-2201\" data-elementor-settings=\"[]\">\n\t\t\t<div class=\"elementor-inner\">\n\t\t\t\t<div class=\"elementor-section-wrap\">\n\t\t\t\t\t\t\t<section class=\"elementor-element elementor-element-0240c06 elementor-section-boxed elementor-section-height-default elementor-section-height-default elementor-section elementor-top-section\" data-id=\"0240c06\" data-element_type=\"section\">\n\t\t\t\t\t\t<div class=\"elementor-container elementor-column-gap-default\">\n\t\t\t\t<div class=\"elementor-row\">\n\t\t\t\t<div class=\"elementor-element elementor-element-f306e66 elementor-column elementor-col-100 elementor-top-column\" data-id=\"f306e66\" data-element_type=\"column\">\n\t\t\t<div class=\"elementor-column-wrap  elementor-element-populated\">\n\t\t\t\t\t<div class=\"elementor-widget-wrap\">\n\t\t\t\t<div class=\"elementor-element elementor-element-70a55ff elementor-widget elementor-widget-image\" data-id=\"70a55ff\" data-element_type=\"widget\" data-widget_type=\"image.default\">\n\t\t\t\t<div class=\"elementor-widget-container\">\n\t\t\t\t\t<div class=\"elementor-image\">\n\t\t\t\t\t\t\t\t\t\t<img decoding=\"async\" src=\"https:\/\/azzorti.com\/co\/wp-content\/uploads\/sites\/3\/2023\/09\/medidas.jpg\" title=\"\" alt=\"\" \/>\t\t\t\t\t\t\t\t\t\t\t<\/div>\n\t\t\t\t<\/div>\n\t\t\t\t<\/div>\n\t\t\t\t<div class=\"elementor-element elementor-element-adcbb73 elementor-widget elementor-widget-text-editor\" data-id=\"adcbb73\" data-element_type=\"widget\" id=\"politica_ases_title\" data-widget_type=\"text-editor.default\">\n\t\t\t\t<div class=\"elementor-widget-container\">\n\t\t\t\t\t<div class=\"elementor-text-editor elementor-clearfix\"><h1 class=\"main-title\"><strong>\u00bfQuieres trabajar en Azzorti?<\/strong><\/h1><p><span class=\"ui-provider gs b c d e f g h i j k l m n o p q r s t u v w x y z ab ac ae af ag ah ai aj ak\" dir=\"ltr\">En Azzorti apostamos por ti, porque sabemos que tu fuerza interior te lleva a cumplir cada sue\u00f1o.<\/span><\/p><\/div>\n\t\t\t\t<\/div>\n\t\t\t\t<\/div>\n\t\t\t\t\t\t<\/div>\n\t\t\t<\/div>\n\t\t<\/div>\n\t\t\t\t\t\t<\/div>\n\t\t\t<\/div>\n\t\t<\/section>\n\t\t\t\t<section class=\"elementor-element elementor-element-5303391 elementor-section-boxed elementor-section-height-default elementor-section-height-default elementor-section elementor-top-section\" data-id=\"5303391\" data-element_type=\"section\" id=\"form_contact\">\n\t\t\t\t\t\t<div class=\"elementor-container elementor-column-gap-default\">\n\t\t\t\t<div class=\"elementor-row\">\n\t\t\t\t<div class=\"elementor-element elementor-element-5f9f922 elementor-column elementor-col-50 elementor-top-column\" data-id=\"5f9f922\" data-element_type=\"column\">\n\t\t\t<div class=\"elementor-column-wrap  elementor-element-populated\">\n\t\t\t\t\t<div class=\"elementor-widget-wrap\">\n\t\t\t\t<div class=\"elementor-element elementor-element-a1a4878 elementor-widget elementor-widget-wp-widget-custom_html\" data-id=\"a1a4878\" data-element_type=\"widget\" data-widget_type=\"wp-widget-custom_html.default\">\n\t\t\t\t<div class=\"elementor-widget-container\">\n\t\t\t<div class=\"textwidget custom-html-widget\"><h3>Ingresa tus datos<\/h3><\/div>\t\t<\/div>\n\t\t\t\t<\/div>\n\t\t\t\t<div class=\"elementor-element elementor-element-afda2f7 elementor-button-align-center elementor-widget elementor-widget-form\" data-id=\"afda2f7\" data-element_type=\"widget\" id=\"contact\" data-widget_type=\"form.default\">\n\t\t\t\t<div class=\"elementor-widget-container\">\n\t\t\t\t\t<form class=\"elementor-form\" method=\"post\" name=\"Contacto\">\n\t\t\t<input type=\"hidden\" name=\"post_id\" value=\"2201\"\/>\n\t\t\t<input type=\"hidden\" name=\"form_id\" value=\"afda2f7\"\/>\n\n\t\t\t\n\t\t\t<div class=\"elementor-form-fields-wrapper elementor-labels-above\">\n\t\t\t\t\t\t\t\t<div class=\"elementor-field-type-text elementor-field-group elementor-column elementor-field-group-name elementor-col-100 elementor-field-required elementor-mark-required\">\n\t\t\t\t\t<input size=\"1\" type=\"text\" name=\"form_fields[name]\" id=\"form-field-name\" class=\"elementor-field elementor-size-sm  elementor-field-textual\" placeholder=\"Nombres y apellidos\" required=\"required\" aria-required=\"true\">\t\t\t\t<\/div>\n\t\t\t\t\t\t\t\t<div class=\"elementor-field-type-text elementor-field-group elementor-column elementor-field-group-field_1090c5b elementor-col-100 elementor-field-required elementor-mark-required\">\n\t\t\t\t\t<input size=\"1\" type=\"text\" name=\"form_fields[field_1090c5b]\" id=\"form-field-field_1090c5b\" class=\"elementor-field elementor-size-sm  elementor-field-textual\" placeholder=\"N\u00famero documento\" required=\"required\" aria-required=\"true\">\t\t\t\t<\/div>\n\t\t\t\t\t\t\t\t<div class=\"elementor-field-type-email elementor-field-group elementor-column elementor-field-group-email elementor-col-100 elementor-field-required elementor-mark-required\">\n\t\t\t\t\t<input size=\"1\" type=\"email\" name=\"form_fields[email]\" id=\"form-field-email\" class=\"elementor-field elementor-size-sm  elementor-field-textual\" placeholder=\"Correo electronico\" required=\"required\" aria-required=\"true\">\t\t\t\t<\/div>\n\t\t\t\t\t\t\t\t<div class=\"elementor-field-type-text elementor-field-group elementor-column elementor-field-group-field_314165c elementor-col-100 elementor-field-required elementor-mark-required\">\n\t\t\t\t\t<input size=\"1\" type=\"text\" name=\"form_fields[field_314165c]\" id=\"form-field-field_314165c\" class=\"elementor-field elementor-size-sm  elementor-field-textual\" placeholder=\"N\u00famero telefono 1\" required=\"required\" aria-required=\"true\">\t\t\t\t<\/div>\n\t\t\t\t\t\t\t\t<div class=\"elementor-field-type-text elementor-field-group elementor-column elementor-field-group-field_14ad48d elementor-col-100\">\n\t\t\t\t\t<input size=\"1\" type=\"text\" name=\"form_fields[field_14ad48d]\" id=\"form-field-field_14ad48d\" class=\"elementor-field elementor-size-sm  elementor-field-textual\" placeholder=\"N\u00famero telefono 2\">\t\t\t\t<\/div>\n\t\t\t\t\t\t\t\t<div class=\"elementor-field-type-select elementor-field-group elementor-column elementor-field-group-field_9081cef elementor-col-100\">\n\t\t\t\t\t<label for=\"form-field-field_9081cef\" class=\"elementor-field-label\">Area de interes<\/label>\t\t<div class=\"elementor-field elementor-select-wrapper \">\n\t\t\t<select name=\"form_fields[field_9081cef]\" id=\"form-field-field_9081cef\" class=\"elementor-field-textual elementor-size-sm\">\n\t\t\t\t<option value=\"\">Seleccione una opci\u00f3n<\/option><option value=\"\">Administraci\u00f3n<\/option><option value=\"\">Log\u00edstica<\/option><option value=\"Comercial\">Comercial<\/option>\t\t\t<\/select>\n\t\t<\/div>\n\t\t\t\t\t\t<\/div>\n\t\t\t\t\t\t\t\t<div class=\"elementor-field-type-upload elementor-field-group elementor-column elementor-field-group-field_f359a75 elementor-col-100\">\n\t\t\t\t\t<label for=\"form-field-field_f359a75\" class=\"elementor-field-label\">Adjunta tu hoja de vida.<\/label><input type=\"file\" name=\"form_fields[field_f359a75]\" id=\"form-field-field_f359a75\" class=\"elementor-field elementor-size-sm  elementor-upload-field\" data-maxsize=\"5\" data-maxsize-message=\"This file exceeds the maximum allowed size.\">\t\t\t\t<\/div>\n\t\t\t\t\t\t\t\t<div class=\"elementor-field-type-checkbox elementor-field-group elementor-column elementor-field-group-field_9cc5a8f elementor-col-100\">\n\t\t\t\t\t<div class=\"elementor-field-subgroup  elementor-subgroup-inline\"><span class=\"elementor-field-option\"><input type=\"checkbox\" value=\"&lt;a href=&quot;\/co\/terminos-y-condiciones&quot; target=&quot;_blank&quot;&gt;&lt;b&gt;Acepto los t\u00e9rminos y condiciones&lt;\/b&gt;&lt;\/a&gt;\" id=\"form-field-field_9cc5a8f-0\" name=\"form_fields[field_9cc5a8f]\"> <label for=\"form-field-field_9cc5a8f-0\"><a href=\"\/co\/terminos-y-condiciones\" target=\"_blank\"><b>Acepto los t\u00e9rminos y condiciones<\/b><\/a><\/label><\/span><\/div>\t\t\t\t<\/div>\n\t\t\t\t\t\t\t\t<div class=\"elementor-field-type-textarea elementor-field-group elementor-column elementor-field-group-message elementor-col-100 elementor-field-required elementor-mark-required\">\n\t\t\t\t\t<textarea class=\"elementor-field-textual elementor-field  elementor-size-sm\" name=\"form_fields[message]\" id=\"form-field-message\" rows=\"4\" placeholder=\"Mensaje\" required=\"required\" aria-required=\"true\"><\/textarea>\t\t\t\t<\/div>\n\t\t\t\t\t\t\t\t<div class=\"elementor-field-group elementor-column elementor-field-type-submit elementor-col-100\">\n\t\t\t\t\t<button type=\"submit\" class=\"elementor-button elementor-size-sm\" id=\"btn_contact\">\n\t\t\t\t\t\t<span >\n\t\t\t\t\t\t\t\t\t\t\t\t\t\t\t<span class=\" elementor-button-icon\">\n\t\t\t\t\t\t\t\t\t\t\t\t\t\t\t\t\t\t\t\t\t\t\t\t\t\t<\/span>\n\t\t\t\t\t\t\t\t\t\t\t\t\t\t\t\t\t\t\t\t\t\t<span class=\"elementor-button-text\">ENVIAR MENSAJE<\/span>\n\t\t\t\t\t\t\t\t\t\t\t\t\t<\/span>\n\t\t\t\t\t<\/button>\n\t\t\t\t<\/div>\n\t\t\t<\/div>\n\t\t<\/form>\n\t\t\t\t<\/div>\n\t\t\t\t<\/div>\n\t\t\t\t\t\t<\/div>\n\t\t\t<\/div>\n\t\t<\/div>\n\t\t\t\t<div class=\"elementor-element elementor-element-baf7416 elementor-column elementor-col-50 elementor-top-column\" data-id=\"baf7416\" data-element_type=\"column\">\n\t\t\t<div class=\"elementor-column-wrap  elementor-element-populated\">\n\t\t\t\t\t<div class=\"elementor-widget-wrap\">\n\t\t\t\t<div class=\"elementor-element elementor-element-9b7d217 elementor-widget elementor-widget-wp-widget-custom_html\" data-id=\"9b7d217\" data-element_type=\"widget\" data-widget_type=\"wp-widget-custom_html.default\">\n\t\t\t\t<div class=\"elementor-widget-container\">\n\t\t\t<div class=\"textwidget custom-html-widget\"><h3>Oficina Principal<\/h3><\/div>\t\t<\/div>\n\t\t\t\t<\/div>\n\t\t\t\t<div class=\"elementor-element elementor-element-556ab44 elementor-widget elementor-widget-text-editor\" data-id=\"556ab44\" data-element_type=\"widget\" data-widget_type=\"text-editor.default\">\n\t\t\t\t<div class=\"elementor-widget-container\">\n\t\t\t\t\t<div class=\"elementor-text-editor elementor-clearfix\"><p><img loading=\"lazy\" decoding=\"async\" src=\"https:\/\/azzorti.com\/co\/wp-content\/uploads\/sites\/3\/2022\/09\/ubica.jpg\" alt=\"\" width=\"26\" height=\"30\"> &nbsp;&nbsp; 23 Avenida interconexi\u00f3n Naranjo Minerva 12-91, <br>Zona 4, oficina 68,<br>\ncomplejo Internaranjo Empresarial, <br>Parque Industrial Las Tunas, Mixco,<br>\nGuatemala<br>\n<br><img loading=\"lazy\" decoding=\"async\" src=\"https:\/\/azzorti.com\/co\/wp-content\/uploads\/sites\/3\/2022\/09\/telefono.jpg\" alt=\"\" width=\"31\" height=\"30\"> &nbsp;&nbsp; Linea atenci\u00f3n : 22990110<br>\n<br>WhatsApp Serena : <a href=\"https:\/\/api.whatsapp.com\/send?phone=59176388449\" target=\"_blank\" rel=\"noopener\">+591 76388449<\/a><br>\n<br><img loading=\"lazy\" decoding=\"async\" src=\"https:\/\/azzorti.com\/co\/wp-content\/uploads\/sites\/3\/2022\/09\/mail.jpg\" alt=\"\" width=\"29\" height=\"24\">&nbsp;&nbsp; &nbsp;<a href=\"mailto:servicioalcliente@azzorti.comm\">servicioalcliente.guatemala@azzorti.gt<\/a><br>\n<br><img loading=\"lazy\" decoding=\"async\" src=\"https:\/\/azzorti.com\/co\/wp-content\/uploads\/sites\/3\/2022\/09\/tiempo.jpg\" alt=\"\" width=\"31\" height=\"29\"> &nbsp;&nbsp; Horario de Atenci\u00f3n:<\/p>\n<div>Lunes a viernes 8:00 a.m a 6:00 p.m.<\/div>\n<div>S\u00e1bado 8:00 a.m a 12:00 p.m.<\/div><\/div>\n\t\t\t\t<\/div>\n\t\t\t\t<\/div>\n\t\t\t\t<div class=\"elementor-element elementor-element-12ca273 elementor-widget elementor-widget-text-editor\" data-id=\"12ca273\" data-element_type=\"widget\" data-widget_type=\"text-editor.default\">\n\t\t\t\t<div class=\"elementor-widget-container\">\n\t\t\t\t\t<div class=\"elementor-text-editor elementor-clearfix\"><h3>Cerca de ti<\/h3>\n<h3><u style=\"color: #7a7a7a; font-weight: 400; font-size: 1rem; background-color: var(--ast-global-color-5);\">Chatea con Serena y resuelve tus dudas.<\/u><\/h3>\n<ul>\n \t<li>Ciudad de Guatemala &#8211; Guatemala.<br> 22990110<\/li>\n<\/ul><\/div>\n\t\t\t\t<\/div>\n\t\t\t\t<\/div>\n\t\t\t\t\t\t<\/div>\n\t\t\t<\/div>\n\t\t<\/div>\n\t\t\t\t\t\t<\/div>\n\t\t\t<\/div>\n\t\t<\/section>\n\t\t\t\t<section class=\"elementor-element elementor-element-18c82bb elementor-section-boxed elementor-section-height-default elementor-section-height-default elementor-section elementor-top-section\" data-id=\"18c82bb\" data-element_type=\"section\">\n\t\t\t\t\t\t<div class=\"elementor-container elementor-column-gap-default\">\n\t\t\t\t<div class=\"elementor-row\">\n\t\t\t\t<div class=\"elementor-element elementor-element-7bd42c9 elementor-column elementor-col-100 elementor-top-column\" data-id=\"7bd42c9\" data-element_type=\"column\">\n\t\t\t<div class=\"elementor-column-wrap  elementor-element-populated\">\n\t\t\t\t\t<div class=\"elementor-widget-wrap\">\n\t\t\t\t<div class=\"elementor-element elementor-element-c358524 elementor-widget elementor-widget-text-editor\" data-id=\"c358524\" data-element_type=\"widget\" data-widget_type=\"text-editor.default\">\n\t\t\t\t<div class=\"elementor-widget-container\">\n\t\t\t\t\t<div class=\"elementor-text-editor elementor-clearfix\">Copyright \u00a9 AZZORTI<\/div>\n\t\t\t\t<\/div>\n\t\t\t\t<\/div>\n\t\t\t\t\t\t<\/div>\n\t\t\t<\/div>\n\t\t<\/div>\n\t\t\t\t\t\t<\/div>\n\t\t\t<\/div>\n\t\t<\/section>\n\t\t\t\t<section class=\"elementor-element elementor-element-ab7b567 elementor-section-boxed elementor-section-height-default elementor-section-height-default elementor-section elementor-top-section\" data-id=\"ab7b567\" data-element_type=\"section\">\n\t\t\t\t\t\t<div class=\"elementor-container elementor-column-gap-default\">\n\t\t\t\t<div class=\"elementor-row\">\n\t\t\t\t<div class=\"elementor-element elementor-element-ce37b42 elementor-column elementor-col-100 elementor-top-column\" data-id=\"ce37b42\" data-element_type=\"column\">\n\t\t\t<div class=\"elementor-column-wrap  elementor-element-populated\">\n\t\t\t\t\t<div class=\"elementor-widget-wrap\">\n\t\t\t\t<div class=\"elementor-element elementor-element-d23b016 elementor-widget elementor-widget-image\" data-id=\"d23b016\" data-element_type=\"widget\" data-widget_type=\"image.default\">\n\t\t\t\t<div class=\"elementor-widget-container\">\n\t\t\t\t\t<div class=\"elementor-image\">\n\t\t\t\t\t\t\t\t\t\t<img loading=\"lazy\" decoding=\"async\" width=\"186\" height=\"31\" src=\"https:\/\/azzorti.com\/gt\/wp-content\/uploads\/sites\/10\/2022\/08\/logo-1.jpg\" class=\"attachment-large size-large\" alt=\"\" \/>\t\t\t\t\t\t\t\t\t\t\t<\/div>\n\t\t\t\t<\/div>\n\t\t\t\t<\/div>\n\t\t\t\t\t\t<\/div>\n\t\t\t<\/div>\n\t\t<\/div>\n\t\t\t\t\t\t<\/div>\n\t\t\t<\/div>\n\t\t<\/section>\n\t\t\t\t<section class=\"elementor-element elementor-element-785b981 elementor-section-boxed elementor-section-height-default elementor-section-height-default elementor-section elementor-top-section\" data-id=\"785b981\" data-element_type=\"section\">\n\t\t\t\t\t\t<div class=\"elementor-container elementor-column-gap-default\">\n\t\t\t\t<div class=\"elementor-row\">\n\t\t\t\t<div class=\"elementor-element elementor-element-128685e elementor-column elementor-col-33 elementor-top-column\" data-id=\"128685e\" data-element_type=\"column\">\n\t\t\t<div class=\"elementor-column-wrap  elementor-element-populated\">\n\t\t\t\t\t<div class=\"elementor-widget-wrap\">\n\t\t\t\t<div class=\"elementor-element elementor-element-869a57f elementor-widget elementor-widget-text-editor\" data-id=\"869a57f\" data-element_type=\"widget\" data-widget_type=\"text-editor.default\">\n\t\t\t\t<div class=\"elementor-widget-container\">\n\t\t\t\t\t<div class=\"elementor-text-editor elementor-clearfix\"><p>Respaldamos el crecimiento integral de la mujer, nos apasiona la realizaci\u00f3n de sus sue\u00f1os, la mejora de su nivel de vida y el de su familia. Nuestro prop\u00f3sito es que m\u00e1s mujeres apuesten por ellas mismas.<\/p><\/div>\n\t\t\t\t<\/div>\n\t\t\t\t<\/div>\n\t\t\t\t<div class=\"elementor-element elementor-element-18efb2d elementor-shape-circle elementor-widget elementor-widget-social-icons\" data-id=\"18efb2d\" data-element_type=\"widget\" data-widget_type=\"social-icons.default\">\n\t\t\t\t<div class=\"elementor-widget-container\">\n\t\t\t\t\t<div class=\"elementor-social-icons-wrapper\">\n\t\t\t\t\t\t\t<a class=\"elementor-icon elementor-social-icon elementor-social-icon-facebook-f elementor-repeater-item-c706ebe\" href=\"https:\/\/www.facebook.com\/Azzorti-Ecuador-P\u00e1gina-Oficial-101972608125791\" target=\"_blank\">\n\t\t\t\t\t<span class=\"elementor-screen-only\">Facebook-f<\/span>\n\t\t\t\t\t<i class=\"fab fa-facebook-f\"><\/i>\t\t\t\t<\/a>\n\t\t\t\t\t\t\t<a class=\"elementor-icon elementor-social-icon elementor-social-icon-instagram elementor-repeater-item-fa3579d\" href=\"https:\/\/www.instagram.com\/azzorti.oficial\/?hl=es-la\" target=\"_blank\">\n\t\t\t\t\t<span class=\"elementor-screen-only\">Instagram<\/span>\n\t\t\t\t\t<i class=\"fab fa-instagram\"><\/i>\t\t\t\t<\/a>\n\t\t\t\t\t\t\t<a class=\"elementor-icon elementor-social-icon elementor-social-icon-youtube elementor-repeater-item-6c2ac9c\" href=\"https:\/\/www.youtube.com\/@azzortioficial\" target=\"_blank\">\n\t\t\t\t\t<span class=\"elementor-screen-only\">Youtube<\/span>\n\t\t\t\t\t<i class=\"fab fa-youtube\"><\/i>\t\t\t\t<\/a>\n\t\t\t\t\t<\/div>\n\t\t\t\t<\/div>\n\t\t\t\t<\/div>\n\t\t\t\t\t\t<\/div>\n\t\t\t<\/div>\n\t\t<\/div>\n\t\t\t\t<div class=\"elementor-element elementor-element-1607e0f elementor-column elementor-col-33 elementor-top-column\" data-id=\"1607e0f\" data-element_type=\"column\">\n\t\t\t<div class=\"elementor-column-wrap  elementor-element-populated\">\n\t\t\t\t\t<div class=\"elementor-widget-wrap\">\n\t\t\t\t<div class=\"elementor-element elementor-element-e1ee06b elementor-widget elementor-widget-text-editor\" data-id=\"e1ee06b\" data-element_type=\"widget\" data-widget_type=\"text-editor.default\">\n\t\t\t\t<div class=\"elementor-widget-container\">\n\t\t\t\t\t<div class=\"elementor-text-editor elementor-clearfix\"><p>Direcci\u00f3n:<\/p><p>23 Avenida interconexi\u00f3n Naranjo Minerva 12-91, Zona 4, oficina 68, complejo Internaranjo Empresarial, Parque Industrial Las Tunas, Mixco, Guatemala<\/p><p>Contacto:<br \/>L\u00ednea atenci\u00f3n : 22990110<br \/>WhatsApp Serena : <a href=\"https:\/\/api.whatsapp.com\/send?phone=59176388449\" target=\"_blank\" rel=\"noopener\">+591 76388449<\/a><\/p><p>Email:<\/p><p>servicioalcliente.guatemala@azzorti.gt<\/p><p>Horario de atenci\u00f3n:<br \/>Lunes a viernes 8:00 a.m a 6:00 p.m.<br \/>S\u00e1bado 8:00 a.m a 12:00 p.m.<\/p><\/div>\n\t\t\t\t<\/div>\n\t\t\t\t<\/div>\n\t\t\t\t\t\t<\/div>\n\t\t\t<\/div>\n\t\t<\/div>\n\t\t\t\t<div class=\"elementor-element elementor-element-7d04acf elementor-column elementor-col-33 elementor-top-column\" data-id=\"7d04acf\" data-element_type=\"column\">\n\t\t\t<div class=\"elementor-column-wrap  elementor-element-populated\">\n\t\t\t\t\t<div class=\"elementor-widget-wrap\">\n\t\t\t\t<div class=\"elementor-element elementor-element-0c8e44f elementor-widget elementor-widget-text-editor\" data-id=\"0c8e44f\" data-element_type=\"widget\" data-widget_type=\"text-editor.default\">\n\t\t\t\t<div class=\"elementor-widget-container\">\n\t\t\t\t\t<div class=\"elementor-text-editor elementor-clearfix\"><p><a href=\"https:\/\/azzorti.com\/gt\/mision-y-vision\/\" target=\"_blank\" rel=\"noopener\">Misi\u00f3n y Visi\u00f3n<\/a><\/p><p>\u00a0<\/p><p><a href=\"https:\/\/azzorti.com\/gt\/contacto\/\">Contacto<\/a><\/p><p>\u00a0<\/p><p><a href=\"\/gt\/preguntas-frecuentes\/\">Preguntas frecuentes<\/a><\/p><p>\u00a0<\/p><p><a href=\"\/gt\/quienes-somos\">Qui\u00e9nes somos<\/a><\/p><p>\u00a0<\/p><p><a href=\"https:\/\/intranet.azzorti.gt\/desarrollo\/cgis\/\">Intranet<\/a><\/p><p>\u00a0<\/p><p><a href=\"https:\/\/azzorti.com\/gt\/wp-content\/uploads\/sites\/10\/2024\/06\/POLITICA-DE-TRATAMIENTO-DE-DATOS-PERSONALES-GT.pdf\" target=\"_blank\" rel=\"noopener\">Pol\u00edtica de protecci\u00f3n de datos personales<\/a><\/p><p>\u00a0<\/p><p><a href=\"https:\/\/azzorti.com\/gt\/wp-content\/uploads\/sites\/10\/2024\/06\/CONDICIONES-DE-GARANTIA-CD-AZZORTI-2.pdf\" target=\"_blank\" rel=\"noopener\">Pol\u00edtica de Cambios y Devoluciones<\/a><\/p><p>\u00a0<\/p><p><a href=\"https:\/\/agevd.org.gt\/company-overview\/codigo-de-etica\/\" target=\"_blank\" rel=\"noopener\">C\u00f3digo de \u00e9tica<\/a><\/p><\/div>\n\t\t\t\t<\/div>\n\t\t\t\t<\/div>\n\t\t\t\t\t\t<\/div>\n\t\t\t<\/div>\n\t\t<\/div>\n\t\t\t\t\t\t<\/div>\n\t\t\t<\/div>\n\t\t<\/section>\n\t\t\t\t<section class=\"elementor-element elementor-element-99e0d5c elementor-section-boxed elementor-section-height-default elementor-section-height-default elementor-section elementor-top-section\" data-id=\"99e0d5c\" data-element_type=\"section\">\n\t\t\t\t\t\t<div class=\"elementor-container elementor-column-gap-default\">\n\t\t\t\t<div class=\"elementor-row\">\n\t\t\t\t<div class=\"elementor-element elementor-element-ba87d73 elementor-column elementor-col-100 elementor-top-column\" data-id=\"ba87d73\" data-element_type=\"column\">\n\t\t\t<div class=\"elementor-column-wrap\">\n\t\t\t\t\t<div class=\"elementor-widget-wrap\">\n\t\t\t\t\t\t<\/div>\n\t\t\t<\/div>\n\t\t<\/div>\n\t\t\t\t\t\t<\/div>\n\t\t\t<\/div>\n\t\t<\/section>\n\t\t\t\t<section class=\"elementor-element elementor-element-2b616c1 elementor-section-boxed elementor-section-height-default elementor-section-height-default elementor-section elementor-top-section\" data-id=\"2b616c1\" data-element_type=\"section\">\n\t\t\t\t\t\t<div class=\"elementor-container elementor-column-gap-default\">\n\t\t\t\t<div class=\"elementor-row\">\n\t\t\t\t<div class=\"elementor-element elementor-element-e93be2f elementor-column elementor-col-100 elementor-top-column\" data-id=\"e93be2f\" data-element_type=\"column\">\n\t\t\t<div class=\"elementor-column-wrap  elementor-element-populated\">\n\t\t\t\t\t<div class=\"elementor-widget-wrap\">\n\t\t\t\t<div class=\"elementor-element elementor-element-f05bf5e elementor-widget elementor-widget-html\" data-id=\"f05bf5e\" data-element_type=\"widget\" data-widget_type=\"html.default\">\n\t\t\t\t<div class=\"elementor-widget-container\">\n\t\t\t<div id=\"serena_2\"><\/div>\n <script src=\"https:\/\/alcor.azzorti.gt\/bot_pagina\/bot_dupree_pag_nuev.js\"><\/script>\t\t<\/div>\n\t\t\t\t<\/div>\n\t\t\t\t\t\t<\/div>\n\t\t\t<\/div>\n\t\t<\/div>\n\t\t\t\t\t\t<\/div>\n\t\t\t<\/div>\n\t\t<\/section>\n\t\t\t\t\t\t<\/div>\n\t\t\t<\/div>\n\t\t<\/div>\n\t\t","protected":false},"excerpt":{"rendered":"<p>\u00bfQuieres trabajar en Azzorti? En Azzorti apostamos por ti, porque sabemos que tu fuerza interior te lleva a cumplir cada sue\u00f1o. &nbsp;&nbsp; 23 Avenida interconexi\u00f3n Naranjo Minerva 12-91, Zona 4, oficina 68, complejo Internaranjo Empresarial, Parque Industrial Las Tunas, Mixco, Guatemala &nbsp;&nbsp; Linea atenci\u00f3n : 22990110 WhatsApp Serena : +591 76388449 &nbsp;&nbsp; &nbsp;servicioalcliente.guatemala@azzorti.gt &nbsp;&nbsp; Horario &hellip;<\/p>\n<p class=\"read-more\"> <a class=\"\" href=\"https:\/\/azzorti.com\/gt\/trabaja-con-nosotros\/\"> <span class=\"screen-reader-text\">Trabaja con nosotros<\/span> Leer m\u00e1s &raquo;<\/a><\/p>\n","protected":false},"author":2,"featured_media":0,"parent":0,"menu_order":0,"comment_status":"closed","ping_status":"closed","template":"","meta":{"site-sidebar-layout":"no-sidebar","site-content-layout":"page-builder","ast-global-header-display":"","ast-main-header-display":"","ast-hfb-above-header-display":"","ast-hfb-below-header-display":"","ast-hfb-mobile-header-display":"","site-post-title":"disabled","ast-breadcrumbs-content":"","ast-featured-img":"disabled","footer-sml-layout":"","theme-transparent-header-meta":"","adv-header-id-meta":"","stick-header-meta":"","header-above-stick-meta":"","header-main-stick-meta":"","header-below-stick-meta":"","footnotes":""},"class_list":["post-2201","page","type-page","status-publish","hentry"],"_links":{"self":[{"href":"https:\/\/azzorti.com\/gt\/wp-json\/wp\/v2\/pages\/2201","targetHints":{"allow":["GET"]}}],"collection":[{"href":"https:\/\/azzorti.com\/gt\/wp-json\/wp\/v2\/pages"}],"about":[{"href":"https:\/\/azzorti.com\/gt\/wp-json\/wp\/v2\/types\/page"}],"author":[{"embeddable":true,"href":"https:\/\/azzorti.com\/gt\/wp-json\/wp\/v2\/users\/2"}],"replies":[{"embeddable":true,"href":"https:\/\/azzorti.com\/gt\/wp-json\/wp\/v2\/comments?post=2201"}],"version-history":[{"count":13,"href":"https:\/\/azzorti.com\/gt\/wp-json\/wp\/v2\/pages\/2201\/revisions"}],"predecessor-version":[{"id":2618,"href":"https:\/\/azzorti.com\/gt\/wp-json\/wp\/v2\/pages\/2201\/revisions\/2618"}],"wp:attachment":[{"href":"https:\/\/azzorti.com\/gt\/wp-json\/wp\/v2\/media?parent=2201"}],"curies":[{"name":"wp","href":"https:\/\/api.w.org\/{rel}","templated":true}]}}