{"id":3341,"date":"2026-02-13T07:48:25","date_gmt":"2026-02-13T12:48:25","guid":{"rendered":"https:\/\/azzorti.com\/pe\/?page_id=3341"},"modified":"2026-02-13T12:03:27","modified_gmt":"2026-02-13T17:03:27","slug":"landing-fundacion-azzorti","status":"publish","type":"page","link":"https:\/\/azzorti.com\/pe\/landing-fundacion-azzorti\/","title":{"rendered":"Landing Fundaci\u00f3n Azzorti"},"content":{"rendered":"\t\t<div data-elementor-type=\"wp-page\" data-elementor-id=\"3341\" class=\"elementor elementor-3341\" data-elementor-settings=\"[]\">\n\t\t\t<div class=\"elementor-inner\">\n\t\t\t\t<div class=\"elementor-section-wrap\">\n\t\t\t\t\t\t\t<section class=\"elementor-element elementor-element-88a14ab elementor-section-boxed elementor-section-height-default elementor-section-height-default elementor-section elementor-top-section\" data-id=\"88a14ab\" data-element_type=\"section\">\n\t\t\t\t\t\t<div class=\"elementor-container elementor-column-gap-default\">\n\t\t\t\t<div class=\"elementor-row\">\n\t\t\t\t<div class=\"elementor-element elementor-element-bbfc52e elementor-column elementor-col-100 elementor-top-column\" data-id=\"bbfc52e\" data-element_type=\"column\">\n\t\t\t<div class=\"elementor-column-wrap  elementor-element-populated\">\n\t\t\t\t\t<div class=\"elementor-widget-wrap\">\n\t\t\t\t<div class=\"elementor-element elementor-element-052beaf elementor-widget elementor-widget-image\" data-id=\"052beaf\" data-element_type=\"widget\" data-widget_type=\"image.default\">\n\t\t\t\t<div class=\"elementor-widget-container\">\n\t\t\t\t\t<div class=\"elementor-image\">\n\t\t\t\t\t\t\t\t\t\t<img loading=\"lazy\" decoding=\"async\" width=\"1024\" height=\"639\" src=\"https:\/\/azzorti.com\/pe\/wp-content\/uploads\/sites\/4\/2026\/02\/logo-1-1024x639.png\" class=\"attachment-large size-large\" alt=\"\" srcset=\"https:\/\/azzorti.com\/pe\/wp-content\/uploads\/sites\/4\/2026\/02\/logo-1-1024x639.png 1024w, https:\/\/azzorti.com\/pe\/wp-content\/uploads\/sites\/4\/2026\/02\/logo-1-300x187.png 300w, https:\/\/azzorti.com\/pe\/wp-content\/uploads\/sites\/4\/2026\/02\/logo-1-768x479.png 768w, https:\/\/azzorti.com\/pe\/wp-content\/uploads\/sites\/4\/2026\/02\/logo-1.png 1048w\" sizes=\"auto, (max-width: 1024px) 100vw, 1024px\" \/>\t\t\t\t\t\t\t\t\t\t\t<\/div>\n\t\t\t\t<\/div>\n\t\t\t\t<\/div>\n\t\t\t\t<div class=\"elementor-element elementor-element-9b50de0 elementor--h-position-left elementor--v-position-top elementor-arrows-position-inside elementor-pagination-position-inside elementor-widget elementor-widget-slides\" data-id=\"9b50de0\" data-element_type=\"widget\" data-settings=\"{&quot;navigation&quot;:&quot;both&quot;,&quot;autoplay&quot;:&quot;yes&quot;,&quot;pause_on_hover&quot;:&quot;yes&quot;,&quot;pause_on_interaction&quot;:&quot;yes&quot;,&quot;autoplay_speed&quot;:5000,&quot;infinite&quot;:&quot;yes&quot;,&quot;transition&quot;:&quot;slide&quot;,&quot;transition_speed&quot;:500}\" data-widget_type=\"slides.default\">\n\t\t\t\t<div class=\"elementor-widget-container\">\n\t\t\t\t\t<div class=\"elementor-swiper\">\n\t\t\t<div class=\"elementor-slides-wrapper elementor-main-swiper swiper-container\" dir=\"ltr\" data-animation=\"fadeInUp\">\n\t\t\t\t<div class=\"swiper-wrapper elementor-slides\">\n\t\t\t\t\t<div class=\"elementor-repeater-item-e2699df swiper-slide\"><div class=\"swiper-slide-bg elementor-ken-burns elementor-ken-burns--in\"><\/div><div class=\"swiper-slide-inner\" ><div class=\"swiper-slide-contents\"><div class=\"elementor-slide-heading\">Fundaci\u00f3n Azzorti<\/div><div class=\"elementor-slide-description\">\nLa ense\u00f1anza que deja huella no es la que se hace de cabeza a cabeza, sino de coraz\u00f3n a coraz\u00f3n.<\/div><\/div><\/div><\/div><div class=\"elementor-repeater-item-41c2926 swiper-slide\"><div class=\"swiper-slide-bg\"><\/div><div class=\"swiper-slide-inner\" ><div class=\"swiper-slide-contents\"><\/div><\/div><\/div>\t\t\t\t<\/div>\n\t\t\t\t\t\t\t\t\t\t\t\t\t\t\t<div class=\"swiper-pagination\"><\/div>\n\t\t\t\t\t\t\t\t\t\t\t\t\t\t\t\t<div class=\"elementor-swiper-button elementor-swiper-button-prev\">\n\t\t\t\t\t\t\t<i class=\"eicon-chevron-left\" aria-hidden=\"true\"><\/i>\n\t\t\t\t\t\t\t<span class=\"elementor-screen-only\">Previous<\/span>\n\t\t\t\t\t\t<\/div>\n\t\t\t\t\t\t<div class=\"elementor-swiper-button elementor-swiper-button-next\">\n\t\t\t\t\t\t\t<i class=\"eicon-chevron-right\" aria-hidden=\"true\"><\/i>\n\t\t\t\t\t\t\t<span class=\"elementor-screen-only\">Next<\/span>\n\t\t\t\t\t\t<\/div>\n\t\t\t\t\t\t\t\t\t\t\t\t<\/div>\n\t\t<\/div>\n\t\t\t\t<\/div>\n\t\t\t\t<\/div>\n\t\t\t\t\t\t<\/div>\n\t\t\t<\/div>\n\t\t<\/div>\n\t\t\t\t\t\t<\/div>\n\t\t\t<\/div>\n\t\t<\/section>\n\t\t\t\t<section class=\"elementor-element elementor-element-5839748 elementor-section-boxed elementor-section-height-default elementor-section-height-default elementor-section elementor-top-section\" data-id=\"5839748\" data-element_type=\"section\">\n\t\t\t\t\t\t<div class=\"elementor-container elementor-column-gap-default\">\n\t\t\t\t<div class=\"elementor-row\">\n\t\t\t\t<div class=\"elementor-element elementor-element-849381e elementor-column elementor-col-100 elementor-top-column\" data-id=\"849381e\" data-element_type=\"column\">\n\t\t\t<div class=\"elementor-column-wrap  elementor-element-populated\">\n\t\t\t\t\t<div class=\"elementor-widget-wrap\">\n\t\t\t\t<div class=\"elementor-element elementor-element-1c99426 elementor-absolute elementor-widget elementor-widget-image\" data-id=\"1c99426\" data-element_type=\"widget\" data-settings=\"{&quot;_position&quot;:&quot;absolute&quot;}\" data-widget_type=\"image.default\">\n\t\t\t\t<div class=\"elementor-widget-container\">\n\t\t\t\t\t<div class=\"elementor-image\">\n\t\t\t\t\t\t\t\t\t\t<img loading=\"lazy\" decoding=\"async\" width=\"1024\" height=\"701\" src=\"https:\/\/azzorti.com\/pe\/wp-content\/uploads\/sites\/4\/2026\/02\/formulario-1024x701.png\" class=\"attachment-large size-large\" alt=\"\" srcset=\"https:\/\/azzorti.com\/pe\/wp-content\/uploads\/sites\/4\/2026\/02\/formulario-1024x701.png 1024w, https:\/\/azzorti.com\/pe\/wp-content\/uploads\/sites\/4\/2026\/02\/formulario-300x205.png 300w, https:\/\/azzorti.com\/pe\/wp-content\/uploads\/sites\/4\/2026\/02\/formulario-768x526.png 768w, https:\/\/azzorti.com\/pe\/wp-content\/uploads\/sites\/4\/2026\/02\/formulario-1536x1051.png 1536w, https:\/\/azzorti.com\/pe\/wp-content\/uploads\/sites\/4\/2026\/02\/formulario-2048x1401.png 2048w\" sizes=\"auto, (max-width: 1024px) 100vw, 1024px\" \/>\t\t\t\t\t\t\t\t\t\t\t<\/div>\n\t\t\t\t<\/div>\n\t\t\t\t<\/div>\n\t\t\t\t\t\t<\/div>\n\t\t\t<\/div>\n\t\t<\/div>\n\t\t\t\t\t\t<\/div>\n\t\t\t<\/div>\n\t\t<\/section>\n\t\t\t\t<section class=\"elementor-element elementor-element-d1cb286 elementor-section-boxed elementor-section-height-default elementor-section-height-default elementor-section elementor-top-section\" data-id=\"d1cb286\" data-element_type=\"section\">\n\t\t\t\t\t\t<div class=\"elementor-container elementor-column-gap-default\">\n\t\t\t\t<div class=\"elementor-row\">\n\t\t\t\t<div class=\"elementor-element elementor-element-ec36b72 elementor-column elementor-col-100 elementor-top-column\" data-id=\"ec36b72\" data-element_type=\"column\">\n\t\t\t<div class=\"elementor-column-wrap  elementor-element-populated\">\n\t\t\t\t\t<div class=\"elementor-widget-wrap\">\n\t\t\t\t<div class=\"elementor-element elementor-element-dd5bf2a elementor-widget elementor-widget-image\" data-id=\"dd5bf2a\" data-element_type=\"widget\" data-widget_type=\"image.default\">\n\t\t\t\t<div class=\"elementor-widget-container\">\n\t\t\t\t\t<div class=\"elementor-image\">\n\t\t\t\t\t\t\t\t\t\t<img loading=\"lazy\" decoding=\"async\" width=\"1024\" height=\"61\" src=\"https:\/\/azzorti.com\/pe\/wp-content\/uploads\/sites\/4\/2026\/02\/AMARILLO-1024x61.png\" class=\"attachment-large size-large\" alt=\"\" srcset=\"https:\/\/azzorti.com\/pe\/wp-content\/uploads\/sites\/4\/2026\/02\/AMARILLO-1024x61.png 1024w, https:\/\/azzorti.com\/pe\/wp-content\/uploads\/sites\/4\/2026\/02\/AMARILLO-300x18.png 300w, https:\/\/azzorti.com\/pe\/wp-content\/uploads\/sites\/4\/2026\/02\/AMARILLO-768x46.png 768w, https:\/\/azzorti.com\/pe\/wp-content\/uploads\/sites\/4\/2026\/02\/AMARILLO-1536x91.png 1536w, https:\/\/azzorti.com\/pe\/wp-content\/uploads\/sites\/4\/2026\/02\/AMARILLO-2048x122.png 2048w\" sizes=\"auto, (max-width: 1024px) 100vw, 1024px\" \/>\t\t\t\t\t\t\t\t\t\t\t<\/div>\n\t\t\t\t<\/div>\n\t\t\t\t<\/div>\n\t\t\t\t\t\t<\/div>\n\t\t\t<\/div>\n\t\t<\/div>\n\t\t\t\t\t\t<\/div>\n\t\t\t<\/div>\n\t\t<\/section>\n\t\t\t\t<section class=\"elementor-element elementor-element-f9f55e9 elementor-section-boxed elementor-section-height-default elementor-section-height-default elementor-section elementor-top-section\" data-id=\"f9f55e9\" data-element_type=\"section\">\n\t\t\t\t\t\t<div class=\"elementor-container elementor-column-gap-default\">\n\t\t\t\t<div class=\"elementor-row\">\n\t\t\t\t<div class=\"elementor-element elementor-element-4dd4afd elementor-column elementor-col-100 elementor-top-column\" data-id=\"4dd4afd\" data-element_type=\"column\">\n\t\t\t<div class=\"elementor-column-wrap  elementor-element-populated\">\n\t\t\t\t\t<div class=\"elementor-widget-wrap\">\n\t\t\t\t<div class=\"elementor-element elementor-element-ade86a5 elementor-widget__width-initial elementor-absolute elementor-widget elementor-widget-image\" data-id=\"ade86a5\" data-element_type=\"widget\" data-settings=\"{&quot;_position&quot;:&quot;absolute&quot;}\" data-widget_type=\"image.default\">\n\t\t\t\t<div class=\"elementor-widget-container\">\n\t\t\t\t\t<div class=\"elementor-image\">\n\t\t\t\t\t\t\t\t\t\t<img loading=\"lazy\" decoding=\"async\" width=\"1024\" height=\"230\" src=\"https:\/\/azzorti.com\/pe\/wp-content\/uploads\/sites\/4\/2026\/02\/texto-fundacion-1024x230.png\" class=\"attachment-large size-large\" alt=\"\" srcset=\"https:\/\/azzorti.com\/pe\/wp-content\/uploads\/sites\/4\/2026\/02\/texto-fundacion-1024x230.png 1024w, https:\/\/azzorti.com\/pe\/wp-content\/uploads\/sites\/4\/2026\/02\/texto-fundacion-300x67.png 300w, https:\/\/azzorti.com\/pe\/wp-content\/uploads\/sites\/4\/2026\/02\/texto-fundacion-768x173.png 768w, https:\/\/azzorti.com\/pe\/wp-content\/uploads\/sites\/4\/2026\/02\/texto-fundacion-1536x346.png 1536w, https:\/\/azzorti.com\/pe\/wp-content\/uploads\/sites\/4\/2026\/02\/texto-fundacion-2048x461.png 2048w\" sizes=\"auto, (max-width: 1024px) 100vw, 1024px\" \/>\t\t\t\t\t\t\t\t\t\t\t<\/div>\n\t\t\t\t<\/div>\n\t\t\t\t<\/div>\n\t\t\t\t\t\t<\/div>\n\t\t\t<\/div>\n\t\t<\/div>\n\t\t\t\t\t\t<\/div>\n\t\t\t<\/div>\n\t\t<\/section>\n\t\t\t\t<section class=\"elementor-element elementor-element-71bbd21 elementor-section-boxed elementor-section-height-default elementor-section-height-default elementor-section elementor-top-section\" data-id=\"71bbd21\" data-element_type=\"section\">\n\t\t\t\t\t\t<div class=\"elementor-container elementor-column-gap-default\">\n\t\t\t\t<div class=\"elementor-row\">\n\t\t\t\t<div class=\"elementor-element elementor-element-9528aef elementor-column elementor-col-100 elementor-top-column\" data-id=\"9528aef\" data-element_type=\"column\">\n\t\t\t<div class=\"elementor-column-wrap  elementor-element-populated\">\n\t\t\t\t\t<div class=\"elementor-widget-wrap\">\n\t\t\t\t<div class=\"elementor-element elementor-element-737a9db elementor-absolute elementor-widget elementor-widget-button\" data-id=\"737a9db\" data-element_type=\"widget\" data-settings=\"{&quot;_position&quot;:&quot;absolute&quot;}\" data-widget_type=\"button.default\">\n\t\t\t\t<div class=\"elementor-widget-container\">\n\t\t\t\t\t<div class=\"elementor-button-wrapper\">\n\t\t\t<a href=\"#\" class=\"elementor-button-link elementor-button elementor-size-sm\" role=\"button\">\n\t\t\t\t\t\t<span class=\"elementor-button-content-wrapper\">\n\t\t\t\t\t\t<span class=\"elementor-button-text\">Conoce m\u00e1s aqu\u00ed<\/span>\n\t\t<\/span>\n\t\t\t\t\t<\/a>\n\t\t<\/div>\n\t\t\t\t<\/div>\n\t\t\t\t<\/div>\n\t\t\t\t\t\t<\/div>\n\t\t\t<\/div>\n\t\t<\/div>\n\t\t\t\t\t\t<\/div>\n\t\t\t<\/div>\n\t\t<\/section>\n\t\t\t\t<section class=\"elementor-element elementor-element-2c2e676 elementor-section-boxed elementor-section-height-default elementor-section-height-default elementor-section elementor-top-section\" data-id=\"2c2e676\" data-element_type=\"section\">\n\t\t\t\t\t\t<div class=\"elementor-container elementor-column-gap-default\">\n\t\t\t\t<div class=\"elementor-row\">\n\t\t\t\t<div class=\"elementor-element elementor-element-3f1b91e elementor-column elementor-col-100 elementor-top-column\" data-id=\"3f1b91e\" data-element_type=\"column\">\n\t\t\t<div class=\"elementor-column-wrap  elementor-element-populated\">\n\t\t\t\t\t<div class=\"elementor-widget-wrap\">\n\t\t\t\t<div class=\"elementor-element elementor-element-06a3009 elementor-widget__width-initial elementor-absolute elementor-widget elementor-widget-image\" data-id=\"06a3009\" data-element_type=\"widget\" data-settings=\"{&quot;_position&quot;:&quot;absolute&quot;}\" data-widget_type=\"image.default\">\n\t\t\t\t<div class=\"elementor-widget-container\">\n\t\t\t\t\t<div class=\"elementor-image\">\n\t\t\t\t\t\t\t\t\t\t<img loading=\"lazy\" decoding=\"async\" width=\"1024\" height=\"230\" src=\"https:\/\/azzorti.com\/pe\/wp-content\/uploads\/sites\/4\/2026\/02\/logo-1024x230.png\" class=\"attachment-large size-large\" alt=\"\" srcset=\"https:\/\/azzorti.com\/pe\/wp-content\/uploads\/sites\/4\/2026\/02\/logo-1024x230.png 1024w, https:\/\/azzorti.com\/pe\/wp-content\/uploads\/sites\/4\/2026\/02\/logo-300x67.png 300w, https:\/\/azzorti.com\/pe\/wp-content\/uploads\/sites\/4\/2026\/02\/logo-768x172.png 768w, https:\/\/azzorti.com\/pe\/wp-content\/uploads\/sites\/4\/2026\/02\/logo-1536x345.png 1536w, https:\/\/azzorti.com\/pe\/wp-content\/uploads\/sites\/4\/2026\/02\/logo-2048x460.png 2048w\" sizes=\"auto, (max-width: 1024px) 100vw, 1024px\" \/>\t\t\t\t\t\t\t\t\t\t\t<\/div>\n\t\t\t\t<\/div>\n\t\t\t\t<\/div>\n\t\t\t\t\t\t<\/div>\n\t\t\t<\/div>\n\t\t<\/div>\n\t\t\t\t\t\t<\/div>\n\t\t\t<\/div>\n\t\t<\/section>\n\t\t\t\t<section class=\"elementor-element elementor-element-0ff7b82 elementor-section-boxed elementor-section-height-default elementor-section-height-default elementor-section elementor-top-section\" data-id=\"0ff7b82\" data-element_type=\"section\">\n\t\t\t\t\t\t<div class=\"elementor-container elementor-column-gap-default\">\n\t\t\t\t<div class=\"elementor-row\">\n\t\t\t\t<div class=\"elementor-element elementor-element-26c4bc8 elementor-column elementor-col-100 elementor-top-column\" data-id=\"26c4bc8\" data-element_type=\"column\">\n\t\t\t<div class=\"elementor-column-wrap  elementor-element-populated\">\n\t\t\t\t\t<div class=\"elementor-widget-wrap\">\n\t\t\t\t<div class=\"elementor-element elementor-element-b5bac13 elementor-widget__width-initial elementor-absolute elementor-widget elementor-widget-image\" data-id=\"b5bac13\" data-element_type=\"widget\" data-settings=\"{&quot;_position&quot;:&quot;absolute&quot;}\" data-widget_type=\"image.default\">\n\t\t\t\t<div class=\"elementor-widget-container\">\n\t\t\t\t\t<div class=\"elementor-image\">\n\t\t\t\t\t\t\t\t\t\t<img loading=\"lazy\" decoding=\"async\" width=\"996\" height=\"1024\" src=\"https:\/\/azzorti.com\/pe\/wp-content\/uploads\/sites\/4\/2026\/02\/icono_1-996x1024.png\" class=\"attachment-large size-large\" alt=\"\" srcset=\"https:\/\/azzorti.com\/pe\/wp-content\/uploads\/sites\/4\/2026\/02\/icono_1-996x1024.png 996w, https:\/\/azzorti.com\/pe\/wp-content\/uploads\/sites\/4\/2026\/02\/icono_1-292x300.png 292w, https:\/\/azzorti.com\/pe\/wp-content\/uploads\/sites\/4\/2026\/02\/icono_1-768x790.png 768w, https:\/\/azzorti.com\/pe\/wp-content\/uploads\/sites\/4\/2026\/02\/icono_1-1494x1536.png 1494w, https:\/\/azzorti.com\/pe\/wp-content\/uploads\/sites\/4\/2026\/02\/icono_1.png 1798w\" sizes=\"auto, (max-width: 996px) 100vw, 996px\" \/>\t\t\t\t\t\t\t\t\t\t\t<\/div>\n\t\t\t\t<\/div>\n\t\t\t\t<\/div>\n\t\t\t\t\t\t<\/div>\n\t\t\t<\/div>\n\t\t<\/div>\n\t\t\t\t\t\t<\/div>\n\t\t\t<\/div>\n\t\t<\/section>\n\t\t\t\t<section class=\"elementor-element elementor-element-7c9346c elementor-section-boxed elementor-section-height-default elementor-section-height-default elementor-section elementor-top-section\" data-id=\"7c9346c\" data-element_type=\"section\">\n\t\t\t\t\t\t<div class=\"elementor-container elementor-column-gap-default\">\n\t\t\t\t<div class=\"elementor-row\">\n\t\t\t\t<div class=\"elementor-element elementor-element-29de6c5 elementor-column elementor-col-100 elementor-top-column\" data-id=\"29de6c5\" data-element_type=\"column\">\n\t\t\t<div class=\"elementor-column-wrap  elementor-element-populated\">\n\t\t\t\t\t<div class=\"elementor-widget-wrap\">\n\t\t\t\t<div class=\"elementor-element elementor-element-0866982 elementor-widget__width-initial elementor-absolute elementor-widget elementor-widget-image\" data-id=\"0866982\" data-element_type=\"widget\" data-settings=\"{&quot;_position&quot;:&quot;absolute&quot;}\" data-widget_type=\"image.default\">\n\t\t\t\t<div class=\"elementor-widget-container\">\n\t\t\t\t\t<div class=\"elementor-image\">\n\t\t\t\t\t\t\t\t\t\t<img loading=\"lazy\" decoding=\"async\" width=\"1024\" height=\"862\" src=\"https:\/\/azzorti.com\/pe\/wp-content\/uploads\/sites\/4\/2026\/02\/icono_2-1024x862.png\" class=\"attachment-large size-large\" alt=\"\" srcset=\"https:\/\/azzorti.com\/pe\/wp-content\/uploads\/sites\/4\/2026\/02\/icono_2-1024x862.png 1024w, https:\/\/azzorti.com\/pe\/wp-content\/uploads\/sites\/4\/2026\/02\/icono_2-300x252.png 300w, https:\/\/azzorti.com\/pe\/wp-content\/uploads\/sites\/4\/2026\/02\/icono_2-768x646.png 768w, https:\/\/azzorti.com\/pe\/wp-content\/uploads\/sites\/4\/2026\/02\/icono_2-1536x1293.png 1536w, https:\/\/azzorti.com\/pe\/wp-content\/uploads\/sites\/4\/2026\/02\/icono_2-2048x1723.png 2048w\" sizes=\"auto, (max-width: 1024px) 100vw, 1024px\" \/>\t\t\t\t\t\t\t\t\t\t\t<\/div>\n\t\t\t\t<\/div>\n\t\t\t\t<\/div>\n\t\t\t\t\t\t<\/div>\n\t\t\t<\/div>\n\t\t<\/div>\n\t\t\t\t\t\t<\/div>\n\t\t\t<\/div>\n\t\t<\/section>\n\t\t\t\t<section class=\"elementor-element elementor-element-c049199 elementor-section-boxed elementor-section-height-default elementor-section-height-default elementor-section elementor-top-section\" data-id=\"c049199\" data-element_type=\"section\">\n\t\t\t\t\t\t<div class=\"elementor-container elementor-column-gap-default\">\n\t\t\t\t<div class=\"elementor-row\">\n\t\t\t\t<div class=\"elementor-element elementor-element-5cff1d7 elementor-column elementor-col-100 elementor-top-column\" data-id=\"5cff1d7\" data-element_type=\"column\">\n\t\t\t<div class=\"elementor-column-wrap  elementor-element-populated\">\n\t\t\t\t\t<div class=\"elementor-widget-wrap\">\n\t\t\t\t<div class=\"elementor-element elementor-element-8488c56 elementor-widget__width-initial elementor-absolute elementor-widget elementor-widget-image\" data-id=\"8488c56\" data-element_type=\"widget\" data-settings=\"{&quot;_position&quot;:&quot;absolute&quot;}\" data-widget_type=\"image.default\">\n\t\t\t\t<div class=\"elementor-widget-container\">\n\t\t\t\t\t<div class=\"elementor-image\">\n\t\t\t\t\t\t\t\t\t\t<img loading=\"lazy\" decoding=\"async\" width=\"1024\" height=\"304\" src=\"https:\/\/azzorti.com\/pe\/wp-content\/uploads\/sites\/4\/2026\/02\/ben_1-1024x304.png\" class=\"attachment-large size-large\" alt=\"\" srcset=\"https:\/\/azzorti.com\/pe\/wp-content\/uploads\/sites\/4\/2026\/02\/ben_1-1024x304.png 1024w, https:\/\/azzorti.com\/pe\/wp-content\/uploads\/sites\/4\/2026\/02\/ben_1-300x89.png 300w, https:\/\/azzorti.com\/pe\/wp-content\/uploads\/sites\/4\/2026\/02\/ben_1-768x228.png 768w, https:\/\/azzorti.com\/pe\/wp-content\/uploads\/sites\/4\/2026\/02\/ben_1-1536x457.png 1536w, https:\/\/azzorti.com\/pe\/wp-content\/uploads\/sites\/4\/2026\/02\/ben_1-2048x609.png 2048w\" sizes=\"auto, (max-width: 1024px) 100vw, 1024px\" \/>\t\t\t\t\t\t\t\t\t\t\t<\/div>\n\t\t\t\t<\/div>\n\t\t\t\t<\/div>\n\t\t\t\t<div class=\"elementor-element elementor-element-1783b1f elementor-widget__width-initial elementor-absolute elementor-widget elementor-widget-image\" data-id=\"1783b1f\" data-element_type=\"widget\" data-settings=\"{&quot;_position&quot;:&quot;absolute&quot;}\" data-widget_type=\"image.default\">\n\t\t\t\t<div class=\"elementor-widget-container\">\n\t\t\t\t\t<div class=\"elementor-image\">\n\t\t\t\t\t\t\t\t\t\t<img loading=\"lazy\" decoding=\"async\" width=\"1024\" height=\"304\" src=\"https:\/\/azzorti.com\/pe\/wp-content\/uploads\/sites\/4\/2026\/02\/ben_2-1024x304.png\" class=\"attachment-large size-large\" alt=\"\" srcset=\"https:\/\/azzorti.com\/pe\/wp-content\/uploads\/sites\/4\/2026\/02\/ben_2-1024x304.png 1024w, https:\/\/azzorti.com\/pe\/wp-content\/uploads\/sites\/4\/2026\/02\/ben_2-300x89.png 300w, https:\/\/azzorti.com\/pe\/wp-content\/uploads\/sites\/4\/2026\/02\/ben_2-768x228.png 768w, https:\/\/azzorti.com\/pe\/wp-content\/uploads\/sites\/4\/2026\/02\/ben_2-1536x457.png 1536w, https:\/\/azzorti.com\/pe\/wp-content\/uploads\/sites\/4\/2026\/02\/ben_2-2048x609.png 2048w\" sizes=\"auto, (max-width: 1024px) 100vw, 1024px\" \/>\t\t\t\t\t\t\t\t\t\t\t<\/div>\n\t\t\t\t<\/div>\n\t\t\t\t<\/div>\n\t\t\t\t\t\t<\/div>\n\t\t\t<\/div>\n\t\t<\/div>\n\t\t\t\t\t\t<\/div>\n\t\t\t<\/div>\n\t\t<\/section>\n\t\t\t\t<section class=\"elementor-element elementor-element-795a8a3 elementor-section-boxed elementor-section-height-default elementor-section-height-default elementor-section elementor-top-section\" data-id=\"795a8a3\" data-element_type=\"section\">\n\t\t\t\t\t\t<div class=\"elementor-container elementor-column-gap-default\">\n\t\t\t\t<div class=\"elementor-row\">\n\t\t\t\t<div class=\"elementor-element elementor-element-1fc9514 elementor-column elementor-col-100 elementor-top-column\" data-id=\"1fc9514\" data-element_type=\"column\">\n\t\t\t<div class=\"elementor-column-wrap  elementor-element-populated\">\n\t\t\t\t\t<div class=\"elementor-widget-wrap\">\n\t\t\t\t<div class=\"elementor-element elementor-element-11045c7 elementor-absolute elementor-widget elementor-widget-image\" data-id=\"11045c7\" data-element_type=\"widget\" data-settings=\"{&quot;_position&quot;:&quot;absolute&quot;}\" data-widget_type=\"image.default\">\n\t\t\t\t<div class=\"elementor-widget-container\">\n\t\t\t\t\t<div class=\"elementor-image\">\n\t\t\t\t\t\t\t\t\t\t<img loading=\"lazy\" decoding=\"async\" width=\"1024\" height=\"61\" src=\"https:\/\/azzorti.com\/pe\/wp-content\/uploads\/sites\/4\/2026\/02\/AMARILLO-1024x61.png\" class=\"attachment-large size-large\" alt=\"\" srcset=\"https:\/\/azzorti.com\/pe\/wp-content\/uploads\/sites\/4\/2026\/02\/AMARILLO-1024x61.png 1024w, https:\/\/azzorti.com\/pe\/wp-content\/uploads\/sites\/4\/2026\/02\/AMARILLO-300x18.png 300w, https:\/\/azzorti.com\/pe\/wp-content\/uploads\/sites\/4\/2026\/02\/AMARILLO-768x46.png 768w, https:\/\/azzorti.com\/pe\/wp-content\/uploads\/sites\/4\/2026\/02\/AMARILLO-1536x91.png 1536w, https:\/\/azzorti.com\/pe\/wp-content\/uploads\/sites\/4\/2026\/02\/AMARILLO-2048x122.png 2048w\" sizes=\"auto, (max-width: 1024px) 100vw, 1024px\" \/>\t\t\t\t\t\t\t\t\t\t\t<\/div>\n\t\t\t\t<\/div>\n\t\t\t\t<\/div>\n\t\t\t\t<div class=\"elementor-element elementor-element-e69424d elementor-absolute elementor-shape-rounded elementor-widget elementor-widget-social-icons\" data-id=\"e69424d\" data-element_type=\"widget\" data-settings=\"{&quot;_position&quot;:&quot;absolute&quot;}\" data-widget_type=\"social-icons.default\">\n\t\t\t\t<div class=\"elementor-widget-container\">\n\t\t\t\t\t<div class=\"elementor-social-icons-wrapper\">\n\t\t\t\t\t\t\t<a class=\"elementor-icon elementor-social-icon elementor-social-icon-facebook elementor-repeater-item-db629f8\" target=\"_blank\">\n\t\t\t\t\t<span class=\"elementor-screen-only\">Facebook<\/span>\n\t\t\t\t\t<i class=\"fab fa-facebook\"><\/i>\t\t\t\t<\/a>\n\t\t\t\t\t\t\t<a class=\"elementor-icon elementor-social-icon elementor-social-icon-instagram elementor-repeater-item-e5ff574\" target=\"_blank\">\n\t\t\t\t\t<span class=\"elementor-screen-only\">Instagram<\/span>\n\t\t\t\t\t<i class=\"fab fa-instagram\"><\/i>\t\t\t\t<\/a>\n\t\t\t\t\t\t\t<a class=\"elementor-icon elementor-social-icon elementor-social-icon-youtube elementor-repeater-item-5357a6b\" target=\"_blank\">\n\t\t\t\t\t<span class=\"elementor-screen-only\">Youtube<\/span>\n\t\t\t\t\t<i class=\"fab fa-youtube\"><\/i>\t\t\t\t<\/a>\n\t\t\t\t\t\t\t<a class=\"elementor-icon elementor-social-icon elementor-social-icon-whatsapp elementor-repeater-item-053b817\" target=\"_blank\">\n\t\t\t\t\t<span class=\"elementor-screen-only\">Whatsapp<\/span>\n\t\t\t\t\t<i class=\"fab fa-whatsapp\"><\/i>\t\t\t\t<\/a>\n\t\t\t\t\t<\/div>\n\t\t\t\t<\/div>\n\t\t\t\t<\/div>\n\t\t\t\t\t\t<\/div>\n\t\t\t<\/div>\n\t\t<\/div>\n\t\t\t\t\t\t<\/div>\n\t\t\t<\/div>\n\t\t<\/section>\n\t\t\t\t\t\t<\/div>\n\t\t\t<\/div>\n\t\t<\/div>\n\t\t","protected":false},"excerpt":{"rendered":"<p>Fundaci\u00f3n Azzorti La ense\u00f1anza que deja huella no es la que se hace de cabeza a cabeza, sino de coraz\u00f3n a coraz\u00f3n. Previous Next Conoce m\u00e1s aqu\u00ed Facebook Instagram Youtube Whatsapp<\/p>\n","protected":false},"author":4,"featured_media":0,"parent":0,"menu_order":0,"comment_status":"closed","ping_status":"closed","template":"elementor_header_footer","meta":{"site-sidebar-layout":"no-sidebar","site-content-layout":"page-builder","ast-global-header-display":"","ast-main-header-display":"","ast-hfb-above-header-display":"","ast-hfb-below-header-display":"","ast-hfb-mobile-header-display":"","site-post-title":"disabled","ast-breadcrumbs-content":"","ast-featured-img":"disabled","footer-sml-layout":"","theme-transparent-header-meta":"","adv-header-id-meta":"","stick-header-meta":"","header-above-stick-meta":"","header-main-stick-meta":"","header-below-stick-meta":"","footnotes":""},"class_list":["post-3341","page","type-page","status-publish","hentry"],"_links":{"self":[{"href":"https:\/\/azzorti.com\/pe\/wp-json\/wp\/v2\/pages\/3341","targetHints":{"allow":["GET"]}}],"collection":[{"href":"https:\/\/azzorti.com\/pe\/wp-json\/wp\/v2\/pages"}],"about":[{"href":"https:\/\/azzorti.com\/pe\/wp-json\/wp\/v2\/types\/page"}],"author":[{"embeddable":true,"href":"https:\/\/azzorti.com\/pe\/wp-json\/wp\/v2\/users\/4"}],"replies":[{"embeddable":true,"href":"https:\/\/azzorti.com\/pe\/wp-json\/wp\/v2\/comments?post=3341"}],"version-history":[{"count":22,"href":"https:\/\/azzorti.com\/pe\/wp-json\/wp\/v2\/pages\/3341\/revisions"}],"predecessor-version":[{"id":3377,"href":"https:\/\/azzorti.com\/pe\/wp-json\/wp\/v2\/pages\/3341\/revisions\/3377"}],"wp:attachment":[{"href":"https:\/\/azzorti.com\/pe\/wp-json\/wp\/v2\/media?parent=3341"}],"curies":[{"name":"wp","href":"https:\/\/api.w.org\/{rel}","templated":true}]}}